{"id":65,"date":"2024-07-18T11:08:33","date_gmt":"2024-07-18T09:08:33","guid":{"rendered":"https:\/\/menuiseriewoodline.com\/?page_id=65"},"modified":"2024-12-27T11:07:08","modified_gmt":"2024-12-27T10:07:08","slug":"menuiserie-woodline","status":"publish","type":"page","link":"https:\/\/menuiseriewoodline.com\/","title":{"rendered":"Accueil"},"content":{"rendered":"\n<div class=\"wp-block-group alignfull has-global-padding is-layout-constrained wp-container-core-group-is-layout-4062b888 wp-block-group-is-layout-constrained\" style=\"padding-top:var(--wp--preset--spacing--20);padding-right:var(--wp--preset--spacing--50);padding-bottom:var(--wp--preset--spacing--20);padding-left:var(--wp--preset--spacing--50)\">\n<div class=\"wp-block-group has-global-padding is-layout-constrained wp-container-core-group-is-layout-650790e1 wp-block-group-is-layout-constrained\">\n<h1 class=\"wp-block-heading has-text-align-center has-x-large-font-size\">Tom P\u00e9ronnet<\/h1>\n\n\n\n<div style=\"height:1.25rem\" aria-hidden=\"true\" class=\"wp-block-spacer\"><\/div>\n\n\n\n<p class=\"has-text-align-center\">Menuisier agenceur \u00e0 votre service<\/p>\n\n\n\n<div style=\"height:1.25rem\" aria-hidden=\"true\" class=\"wp-block-spacer\"><\/div>\n\n\n\n<div class=\"wp-block-buttons is-content-justification-center is-layout-flex wp-container-core-buttons-is-layout-a89b3969 wp-block-buttons-is-layout-flex\">\n<div class=\"wp-block-button\"><a class=\"wp-block-button__link wp-element-button\" href=\"https:\/\/menuiseriewoodline.com\/?page_id=123\">\u00c0 propos<\/a><\/div>\n<\/div>\n<\/div>\n\n\n\n<div style=\"height:var(--wp--preset--spacing--30)\" aria-hidden=\"true\" class=\"wp-block-spacer\"><\/div>\n\n\n\n<figure class=\"wp-block-gallery alignwide has-nested-images columns-default is-cropped wp-block-gallery-2 is-layout-flex wp-block-gallery-is-layout-flex\">\n<figure class=\"wp-block-image size-full is-style-rounded is-style-rounded--1\"><img loading=\"lazy\" decoding=\"async\" width=\"2560\" height=\"1970\" data-id=\"108\" src=\"https:\/\/menuiseriewoodline.com\/wp-content\/uploads\/2024\/07\/20240429_194350-scaled.jpg\" alt=\"\" class=\"wp-image-108\" srcset=\"https:\/\/menuiseriewoodline.com\/wp-content\/uploads\/2024\/07\/20240429_194350-scaled.jpg 2560w, https:\/\/menuiseriewoodline.com\/wp-content\/uploads\/2024\/07\/20240429_194350-300x231.jpg 300w, https:\/\/menuiseriewoodline.com\/wp-content\/uploads\/2024\/07\/20240429_194350-1024x788.jpg 1024w, https:\/\/menuiseriewoodline.com\/wp-content\/uploads\/2024\/07\/20240429_194350-768x591.jpg 768w, https:\/\/menuiseriewoodline.com\/wp-content\/uploads\/2024\/07\/20240429_194350-1536x1182.jpg 1536w, https:\/\/menuiseriewoodline.com\/wp-content\/uploads\/2024\/07\/20240429_194350-2048x1576.jpg 2048w\" sizes=\"auto, (max-width: 2560px) 100vw, 2560px\" \/><\/figure>\n<\/figure>\n<\/div>\n\n\n\n<div class=\"wp-block-group alignfull has-base-2-background-color has-background has-global-padding is-layout-constrained wp-container-core-group-is-layout-669513ed wp-block-group-is-layout-constrained\" style=\"margin-top:0;margin-bottom:0;padding-top:var(--wp--preset--spacing--50);padding-right:var(--wp--preset--spacing--50);padding-bottom:var(--wp--preset--spacing--50);padding-left:var(--wp--preset--spacing--50)\">\n<div class=\"wp-block-group is-vertical is-content-justification-center is-layout-flex wp-container-core-group-is-layout-52b864f0 wp-block-group-is-layout-flex\">\n<div style=\"height:0px\" aria-hidden=\"true\" class=\"wp-block-spacer wp-container-content-4f2ccadb\"><\/div>\n\n\n\n<h2 class=\"wp-block-heading\">Mon approche<\/h2>\n\n\n\n<div style=\"height:32px\" aria-hidden=\"true\" class=\"wp-block-spacer wp-container-content-dee2fb34\"><\/div>\n\n\n\n<p class=\"has-text-align-center\">D\u00e9couvrez mon approche alliant savoir-faire artisanal, design personnalis\u00e9 et utilisation de mat\u00e9riaux locaux et durables. Chaque cr\u00e9ation est pens\u00e9e sur mesure pour r\u00e9pondre \u00e0 vos besoins sp\u00e9cifiques et valoriser votre espace, dans un engagement constant envers la qualit\u00e9 et l&rsquo;innovation.<\/p>\n\n\n\n<div style=\"height:32px\" aria-hidden=\"true\" class=\"wp-block-spacer wp-container-content-dee2fb34\"><\/div>\n<\/div>\n\n\n\n<div style=\"height:var(--wp--preset--spacing--20)\" aria-hidden=\"true\" class=\"wp-block-spacer\"><\/div>\n\n\n\n<div class=\"wp-block-columns alignwide is-layout-flex wp-container-core-columns-is-layout-d0bbbce0 wp-block-columns-is-layout-flex\">\n<div class=\"wp-block-column is-layout-flow wp-container-core-column-is-layout-e3d1c41b wp-block-column-is-layout-flow\">\n<p class=\"has-text-align-left\"><strong>Solutions sur-mesure<\/strong><\/p>\n\n\n\n<p class=\"has-text-align-left\">Chaque projet est personnalis\u00e9 pour r\u00e9pondre pr\u00e9cis\u00e9ment \u00e0 vos besoins et optimiser l&rsquo;utilisation de votre espace.<\/p>\n<\/div>\n\n\n\n<div class=\"wp-block-column is-layout-flow wp-container-core-column-is-layout-e3d1c41b wp-block-column-is-layout-flow\">\n<p class=\"has-text-align-left\"><strong>Satisfaction Client<\/strong><\/p>\n\n\n\n<p class=\"has-text-align-left\">Notre priorit\u00e9 est de garantir votre satisfaction totale \u00e0 chaque \u00e9tape du projet, du concept initial \u00e0 la r\u00e9alisation finale.<\/p>\n<\/div>\n\n\n\n<div class=\"wp-block-column is-layout-flow wp-container-core-column-is-layout-e3d1c41b wp-block-column-is-layout-flow\">\n<p class=\"has-text-align-left\"><strong>Engagement \u00e9cologique<\/strong><\/p>\n\n\n\n<p class=\"has-text-align-left\">Je suis engag\u00e9 dans une d\u00e9marche \u00e9cologique, en privil\u00e9giant des mat\u00e9riaux durables et locaux et des pratiques respectueuses de l&rsquo;environnement.<\/p>\n<\/div>\n<\/div>\n<\/div>\n\n\n\n<div class=\"wp-block-group alignfull has-global-padding is-layout-constrained wp-container-core-group-is-layout-d89aad35 wp-block-group-is-layout-constrained\" style=\"margin-top:0;margin-bottom:0;padding-top:var(--wp--preset--spacing--50);padding-right:var(--wp--preset--spacing--50);padding-bottom:var(--wp--preset--spacing--50);padding-left:var(--wp--preset--spacing--50)\">\n<div class=\"wp-block-group alignwide has-global-padding is-layout-constrained wp-container-core-group-is-layout-19e250f3 wp-block-group-is-layout-constrained\">\n<h2 class=\"wp-block-heading has-text-align-center\">R\u00e9alisations<\/h2>\n\n\n\n<div style=\"height:32px\" aria-hidden=\"true\" class=\"wp-block-spacer\"><\/div>\n\n\n\n<div class=\"wp-block-group is-vertical is-content-justification-center is-layout-flex wp-container-core-group-is-layout-6329a8f3 wp-block-group-is-layout-flex\">\n<p class=\"has-text-align-center\">Optimisez et sublimez votre espace avec des propositions sur-mesure<\/p>\n<\/div>\n\n\n\n<div style=\"height:var(--wp--preset--spacing--40)\" aria-hidden=\"true\" class=\"wp-block-spacer\"><\/div>\n\n\n\n<div class=\"wp-block-columns alignwide is-layout-flex wp-container-core-columns-is-layout-d1c656ed wp-block-columns-is-layout-flex\">\n<div class=\"wp-block-column is-vertically-aligned-center is-layout-flow wp-block-column-is-layout-flow\" style=\"flex-basis:40%\">\n<h3 class=\"wp-block-heading\">Rangements<\/h3>\n\n\n\n<ul style=\"line-height:1.75\" class=\"wp-block-list is-style-checkmark-list\">\n<li>Solutions de rangement sur mesure pour optimiser l&rsquo;espace.<\/li>\n\n\n\n<li>Cr\u00e9ation de placards et \u00e9tag\u00e8res adapt\u00e9s \u00e0 vos besoins sp\u00e9cifiques.<\/li>\n\n\n\n<li>Conception de meubles fonctionnels int\u00e9grant des solutions de stockage innovantes.<\/li>\n<\/ul>\n<\/div>\n\n\n\n<div class=\"wp-block-column is-layout-flow wp-block-column-is-layout-flow\" style=\"flex-basis:50%\">\n<figure class=\"wp-block-image size-large is-style-rounded is-style-rounded--3\"><img loading=\"lazy\" decoding=\"async\" width=\"768\" height=\"1024\" src=\"http:\/\/menuiseriewoodline.com\/wp-content\/uploads\/2024\/07\/20240626_185421-768x1024.jpg\" alt=\"\" class=\"wp-image-114\" srcset=\"https:\/\/menuiseriewoodline.com\/wp-content\/uploads\/2024\/07\/20240626_185421-768x1024.jpg 768w, https:\/\/menuiseriewoodline.com\/wp-content\/uploads\/2024\/07\/20240626_185421-225x300.jpg 225w, https:\/\/menuiseriewoodline.com\/wp-content\/uploads\/2024\/07\/20240626_185421-1152x1536.jpg 1152w, https:\/\/menuiseriewoodline.com\/wp-content\/uploads\/2024\/07\/20240626_185421-1536x2048.jpg 1536w, https:\/\/menuiseriewoodline.com\/wp-content\/uploads\/2024\/07\/20240626_185421-scaled.jpg 1920w\" sizes=\"auto, (max-width: 768px) 100vw, 768px\" \/><\/figure>\n<\/div>\n<\/div>\n\n\n\n<div style=\"height:var(--wp--preset--spacing--40)\" aria-hidden=\"true\" class=\"wp-block-spacer\"><\/div>\n\n\n\n<div class=\"wp-block-columns alignwide is-layout-flex wp-container-core-columns-is-layout-d1c656ed wp-block-columns-is-layout-flex\">\n<div class=\"wp-block-column is-layout-flow wp-block-column-is-layout-flow\" style=\"flex-basis:50%\">\n<figure class=\"wp-block-image size-large is-style-rounded is-style-rounded--4\"><img loading=\"lazy\" decoding=\"async\" width=\"768\" height=\"1024\" src=\"http:\/\/menuiseriewoodline.com\/wp-content\/uploads\/2024\/07\/20230929_164536-768x1024.jpg\" alt=\"\" class=\"wp-image-80\" srcset=\"https:\/\/menuiseriewoodline.com\/wp-content\/uploads\/2024\/07\/20230929_164536-768x1024.jpg 768w, https:\/\/menuiseriewoodline.com\/wp-content\/uploads\/2024\/07\/20230929_164536-225x300.jpg 225w, https:\/\/menuiseriewoodline.com\/wp-content\/uploads\/2024\/07\/20230929_164536-1152x1536.jpg 1152w, https:\/\/menuiseriewoodline.com\/wp-content\/uploads\/2024\/07\/20230929_164536-1536x2048.jpg 1536w, https:\/\/menuiseriewoodline.com\/wp-content\/uploads\/2024\/07\/20230929_164536-scaled.jpg 1920w\" sizes=\"auto, (max-width: 768px) 100vw, 768px\" \/><\/figure>\n<\/div>\n\n\n\n<div class=\"wp-block-column is-vertically-aligned-center is-layout-flow wp-block-column-is-layout-flow\" style=\"flex-basis:40%\">\n<h3 class=\"wp-block-heading\">Am\u00e9nagement<\/h3>\n\n\n\n<ul style=\"line-height:1.75\" class=\"wp-block-list is-style-checkmark-list\">\n<li>Pose experte de parquets en bois naturel pour une ambiance chaleureuse et durable.<\/li>\n\n\n\n<li>Installation de rev\u00eatements de sol sur mesure, alliant beaut\u00e9 esth\u00e9tique et fonctionnalit\u00e9 pratique.<\/li>\n\n\n\n<li>Cr\u00e9ation d&rsquo;espaces de vie confortables<\/li>\n<\/ul>\n<\/div>\n<\/div>\n<\/div>\n\n\n\n<div class=\"wp-block-buttons alignwide is-content-justification-center is-layout-flex wp-container-core-buttons-is-layout-a6d9f191 wp-block-buttons-is-layout-flex\" style=\"margin-top:var(--wp--preset--spacing--40);margin-bottom:var(--wp--preset--spacing--40)\">\n<div class=\"wp-block-button\"><a class=\"wp-block-button__link has-text-align-center wp-element-button\" href=\"https:\/\/menuiseriewoodline.com\/?page_id=127\">Voir toutes nos r\u00e9alisations<\/a><\/div>\n<\/div>\n<\/div>\n\n\n\n<div class=\"wp-block-group alignfull has-base-color has-contrast-background-color has-text-color has-background has-x-large-font-size has-global-padding is-layout-constrained wp-container-core-group-is-layout-31409403 wp-block-group-is-layout-constrained\" style=\"margin-top:0;margin-bottom:0;padding-top:var(--wp--preset--spacing--50);padding-right:var(--wp--preset--spacing--50);padding-bottom:var(--wp--preset--spacing--50);padding-left:var(--wp--preset--spacing--50)\">\n<div class=\"wp-block-group has-global-padding is-layout-constrained wp-block-group-is-layout-constrained\">\n<p class=\"has-text-align-center has-base-color has-text-color has-heading-font-family has-medium-font-size\" style=\"line-height:1.2\"><em>\u00ab&nbsp;Tom a \u00e9t\u00e9 \u00e0 notre \u00e9coute tout le long du projet et j&rsquo;adore notre biblioth\u00e8que&nbsp;\u00bb<\/em><\/p>\n<\/div>\n<\/div>\n\n\n\n<div class=\"wp-block-group has-global-padding is-layout-constrained wp-block-group-is-layout-constrained\"><\/div>\n","protected":false},"excerpt":{"rendered":"<p>Tom P\u00e9ronnet Menuisier agenceur \u00e0 votre service Mon approche D\u00e9couvrez mon approche alliant savoir-faire artisanal, design personnalis\u00e9 et utilisation de mat\u00e9riaux locaux et durables. Chaque cr\u00e9ation est pens\u00e9e sur mesure pour r\u00e9pondre \u00e0 vos besoins sp\u00e9cifiques et valoriser votre espace, dans un engagement constant envers la qualit\u00e9 et l&rsquo;innovation. Solutions sur-mesure Chaque projet est personnalis\u00e9 [&hellip;]<\/p>\n","protected":false},"author":1,"featured_media":0,"parent":0,"menu_order":0,"comment_status":"closed","ping_status":"closed","template":"","meta":{"cybocfi_hide_featured_image":"","footnotes":""},"class_list":["post-65","page","type-page","status-publish","hentry"],"_links":{"self":[{"href":"https:\/\/menuiseriewoodline.com\/index.php?rest_route=\/wp\/v2\/pages\/65","targetHints":{"allow":["GET"]}}],"collection":[{"href":"https:\/\/menuiseriewoodline.com\/index.php?rest_route=\/wp\/v2\/pages"}],"about":[{"href":"https:\/\/menuiseriewoodline.com\/index.php?rest_route=\/wp\/v2\/types\/page"}],"author":[{"embeddable":true,"href":"https:\/\/menuiseriewoodline.com\/index.php?rest_route=\/wp\/v2\/users\/1"}],"replies":[{"embeddable":true,"href":"https:\/\/menuiseriewoodline.com\/index.php?rest_route=%2Fwp%2Fv2%2Fcomments&post=65"}],"version-history":[{"count":20,"href":"https:\/\/menuiseriewoodline.com\/index.php?rest_route=\/wp\/v2\/pages\/65\/revisions"}],"predecessor-version":[{"id":336,"href":"https:\/\/menuiseriewoodline.com\/index.php?rest_route=\/wp\/v2\/pages\/65\/revisions\/336"}],"wp:attachment":[{"href":"https:\/\/menuiseriewoodline.com\/index.php?rest_route=%2Fwp%2Fv2%2Fmedia&parent=65"}],"curies":[{"name":"wp","href":"https:\/\/api.w.org\/{rel}","templated":true}]}}