{"id":123,"date":"2024-07-18T11:26:43","date_gmt":"2024-07-18T09:26:43","guid":{"rendered":"https:\/\/menuiseriewoodline.com\/?page_id=123"},"modified":"2025-01-23T21:50:01","modified_gmt":"2025-01-23T20:50:01","slug":"tom-peronnet","status":"publish","type":"page","link":"https:\/\/menuiseriewoodline.com\/?page_id=123","title":{"rendered":"\u00c0 propos et contact"},"content":{"rendered":"\n<div class=\"wp-block-group alignfull has-accent-background-color has-background has-global-padding is-layout-constrained wp-container-core-group-is-layout-669513ed wp-block-group-is-layout-constrained\" style=\"margin-top:0;margin-bottom:0;padding-top:var(--wp--preset--spacing--50);padding-right:var(--wp--preset--spacing--50);padding-bottom:var(--wp--preset--spacing--50);padding-left:var(--wp--preset--spacing--50)\">\n<div class=\"wp-block-columns alignwide are-vertically-aligned-top is-layout-flex wp-container-core-columns-is-layout-1da03c2a wp-block-columns-is-layout-flex\">\n<div class=\"wp-block-column is-vertically-aligned-top is-layout-flow wp-block-column-is-layout-flow\" style=\"flex-basis:50%\">\n<h4 class=\"wp-block-heading\">Tom P\u00e9ronnet<\/h4>\n\n\n\n<p>Fort d\u2019une exp\u00e9rience de 4 ans en tant qu\u2019ing\u00e9nieur en conception m\u00e9canique, je me suis reconverti dans la menuiserie il y a plusieurs ann\u00e9es en suivant une formation avec les <a href=\"https:\/\/compagnonsdutourdefrance.org\/\" data-type=\"link\" data-id=\"https:\/\/compagnonsdutourdefrance.org\/\">Compagnons du Tour de France<\/a>.<\/p>\n\n\n\n<p>Aujourd\u2019hui, je vous propose mes services pour la r\u00e9alisation globale de vos projets : conception, fabrication et installation. Je vous accompagne en concevant, avec vous, vos futurs projets d\u2019am\u00e9nagement int\u00e9rieur.<\/p>\n\n\n\n<p>J\u2019ai choisi de travailler avec <a href=\"https:\/\/www.cabestan.fr\/\" data-type=\"link\" data-id=\"https:\/\/www.cabestan.fr\/\">Cabestan SCOP<\/a>, une Coop\u00e9rative d\u2019Activit\u00e9 et d\u2019Entrepreneurs (CAE) sp\u00e9cialis\u00e9e dans le domaine du b\u00e2timent. Cabestan offre un accompagnement personnalis\u00e9, des formations et une mutualisation des moyens administratifs en plus de la prise en charge de l\u2019assurance d\u00e9cennale des ouvrages.<\/p>\n<\/div>\n\n\n\n<div class=\"wp-block-column is-vertically-aligned-top is-layout-flow wp-block-column-is-layout-flow\" style=\"flex-basis:50%\">\n<figure class=\"wp-block-image aligncenter size-large is-resized is-style-rounded is-style-rounded--1\"><img loading=\"lazy\" decoding=\"async\" width=\"768\" height=\"1024\" src=\"https:\/\/menuiseriewoodline.com\/wp-content\/uploads\/2024\/10\/moi2-768x1024.jpg\" alt=\"\" class=\"wp-image-173\" style=\"object-fit:cover;width:380px;height:auto\" srcset=\"https:\/\/menuiseriewoodline.com\/wp-content\/uploads\/2024\/10\/moi2-768x1024.jpg 768w, https:\/\/menuiseriewoodline.com\/wp-content\/uploads\/2024\/10\/moi2-225x300.jpg 225w, https:\/\/menuiseriewoodline.com\/wp-content\/uploads\/2024\/10\/moi2-1152x1536.jpg 1152w, https:\/\/menuiseriewoodline.com\/wp-content\/uploads\/2024\/10\/moi2-1536x2048.jpg 1536w, https:\/\/menuiseriewoodline.com\/wp-content\/uploads\/2024\/10\/moi2-scaled.jpg 1920w\" sizes=\"auto, (max-width: 768px) 100vw, 768px\" \/><\/figure>\n<\/div>\n<\/div>\n\n\n\n<hr class=\"wp-block-separator has-alpha-channel-opacity is-style-dots\" style=\"margin-top:var(--wp--preset--spacing--30);margin-bottom:var(--wp--preset--spacing--30)\"\/>\n\n\n\n<div class=\"wp-block-columns alignwide is-layout-flex wp-container-core-columns-is-layout-28f84493 wp-block-columns-is-layout-flex\">\n<div class=\"wp-block-column is-layout-flow wp-block-column-is-layout-flow\">\n<div class=\"wp-block-columns is-layout-flex wp-container-core-columns-is-layout-28f84493 wp-block-columns-is-layout-flex\">\n<div class=\"wp-block-column is-layout-flow wp-block-column-is-layout-flow\" style=\"flex-basis:100%\">\n<div class=\"wp-block-columns is-layout-flex wp-container-core-columns-is-layout-28f84493 wp-block-columns-is-layout-flex\">\n<div class=\"wp-block-column is-layout-flow wp-block-column-is-layout-flow\" style=\"flex-basis:100%\">\t\t<div\n            id=\"wpmapblock_fbd4bac6\"\n            data-settings='{&quot;map_marker&quot;:[{&quot;id&quot;:&quot;0&quot;,&quot;lat&quot;:&quot;45.7723433&quot;,&quot;lng&quot;:&quot;4.7960321&quot;,&quot;title&quot;:&quot;G\\u00e9n\\u00e9rateur 9&quot;,&quot;content&quot;:&quot;&quot;,&quot;iconType&quot;:&quot;default&quot;,&quot;customIconUrl&quot;:&quot;&quot;,&quot;customIconWidth&quot;:&quot;25&quot;,&quot;customIconHeight&quot;:&quot;40&quot;}],&quot;map_zoom&quot;:&quot;12&quot;,&quot;scroll_wheel_zoom&quot;:false,&quot;map_type&quot;:&quot;GM&quot;,&quot;center_index&quot;:0}'\n            class=\"wpmapblockrender\"\n            style=\"\n\t\t\twidth: 100%;\n\t\t\theight: 220px;\n\t\t\"\n            >\n        <\/div>\n        <\/div>\n<\/div>\n<\/div>\n<\/div>\n<\/div>\n\n\n\n<div class=\"wp-block-column is-layout-flow wp-block-column-is-layout-flow\">\n<hr class=\"wp-block-separator aligncenter has-alpha-channel-opacity is-style-default\"\/>\n\n\n\n<p class=\"has-text-align-center\"><strong>Retrouvez la menuiserie Woodline au<\/strong><\/p>\n\n\n\n<p class=\"has-text-align-center\">G\u00e9n\u00e9rateur 9<\/p>\n\n\n\n<p class=\"has-text-align-center\">39 Avenue Sidoine Apollinaire<\/p>\n\n\n\n<p class=\"has-text-align-center\">69009 Lyon<\/p>\n\n\n\n<hr class=\"wp-block-separator aligncenter has-alpha-channel-opacity is-style-default\"\/>\n<\/div>\n<\/div>\n<\/div>\n\n\n\n<h4 class=\"wp-block-heading has-text-align-center\"><strong>Contactez-moi<\/strong><\/h4>\n\n\n\n<div class=\"wp-block-buttons is-content-justification-center is-layout-flex wp-container-core-buttons-is-layout-a89b3969 wp-block-buttons-is-layout-flex\">\n<div class=\"wp-block-button\"><a class=\"wp-block-button__link wp-element-button\" href=\"mailto:menuiserie.woodline@gmail.com\">menuiserie.woodline@gmail.com<\/a><\/div>\n\n\n\n<div class=\"wp-block-button\"><a class=\"wp-block-button__link wp-element-button\">06.50.63.71.06<\/a><\/div>\n<\/div>\n\n\n\n<ul class=\"wp-block-social-links is-content-justification-center is-layout-flex wp-container-core-social-links-is-layout-a89b3969 wp-block-social-links-is-layout-flex\"><li class=\"wp-social-link wp-social-link-instagram  wp-block-social-link\"><a href=\"https:\/\/www.instagram.com\/menuiseriewoodline\/\" class=\"wp-block-social-link-anchor\"><svg width=\"24\" height=\"24\" viewBox=\"0 0 24 24\" version=\"1.1\" xmlns=\"http:\/\/www.w3.org\/2000\/svg\" aria-hidden=\"true\" focusable=\"false\"><path d=\"M12,4.622c2.403,0,2.688,0.009,3.637,0.052c0.877,0.04,1.354,0.187,1.671,0.31c0.42,0.163,0.72,0.358,1.035,0.673 c0.315,0.315,0.51,0.615,0.673,1.035c0.123,0.317,0.27,0.794,0.31,1.671c0.043,0.949,0.052,1.234,0.052,3.637 s-0.009,2.688-0.052,3.637c-0.04,0.877-0.187,1.354-0.31,1.671c-0.163,0.42-0.358,0.72-0.673,1.035 c-0.315,0.315-0.615,0.51-1.035,0.673c-0.317,0.123-0.794,0.27-1.671,0.31c-0.949,0.043-1.233,0.052-3.637,0.052 s-2.688-0.009-3.637-0.052c-0.877-0.04-1.354-0.187-1.671-0.31c-0.42-0.163-0.72-0.358-1.035-0.673 c-0.315-0.315-0.51-0.615-0.673-1.035c-0.123-0.317-0.27-0.794-0.31-1.671C4.631,14.688,4.622,14.403,4.622,12 s0.009-2.688,0.052-3.637c0.04-0.877,0.187-1.354,0.31-1.671c0.163-0.42,0.358-0.72,0.673-1.035 c0.315-0.315,0.615-0.51,1.035-0.673c0.317-0.123,0.794-0.27,1.671-0.31C9.312,4.631,9.597,4.622,12,4.622 M12,3 C9.556,3,9.249,3.01,8.289,3.054C7.331,3.098,6.677,3.25,6.105,3.472C5.513,3.702,5.011,4.01,4.511,4.511 c-0.5,0.5-0.808,1.002-1.038,1.594C3.25,6.677,3.098,7.331,3.054,8.289C3.01,9.249,3,9.556,3,12c0,2.444,0.01,2.751,0.054,3.711 c0.044,0.958,0.196,1.612,0.418,2.185c0.23,0.592,0.538,1.094,1.038,1.594c0.5,0.5,1.002,0.808,1.594,1.038 c0.572,0.222,1.227,0.375,2.185,0.418C9.249,20.99,9.556,21,12,21s2.751-0.01,3.711-0.054c0.958-0.044,1.612-0.196,2.185-0.418 c0.592-0.23,1.094-0.538,1.594-1.038c0.5-0.5,0.808-1.002,1.038-1.594c0.222-0.572,0.375-1.227,0.418-2.185 C20.99,14.751,21,14.444,21,12s-0.01-2.751-0.054-3.711c-0.044-0.958-0.196-1.612-0.418-2.185c-0.23-0.592-0.538-1.094-1.038-1.594 c-0.5-0.5-1.002-0.808-1.594-1.038c-0.572-0.222-1.227-0.375-2.185-0.418C14.751,3.01,14.444,3,12,3L12,3z M12,7.378 c-2.552,0-4.622,2.069-4.622,4.622S9.448,16.622,12,16.622s4.622-2.069,4.622-4.622S14.552,7.378,12,7.378z M12,15 c-1.657,0-3-1.343-3-3s1.343-3,3-3s3,1.343,3,3S13.657,15,12,15z M16.804,6.116c-0.596,0-1.08,0.484-1.08,1.08 s0.484,1.08,1.08,1.08c0.596,0,1.08-0.484,1.08-1.08S17.401,6.116,16.804,6.116z\"><\/path><\/svg><span class=\"wp-block-social-link-label screen-reader-text\">Instagram<\/span><\/a><\/li><\/ul>\n\n\n\n<p><\/p>\n","protected":false},"excerpt":{"rendered":"<p>Tom P\u00e9ronnet Fort d\u2019une exp\u00e9rience de 4 ans en tant qu\u2019ing\u00e9nieur en conception m\u00e9canique, je me suis reconverti dans la menuiserie il y a plusieurs ann\u00e9es en suivant une formation avec les Compagnons du Tour de France. Aujourd\u2019hui, je vous propose mes services pour la r\u00e9alisation globale de vos projets : conception, fabrication et installation. [&hellip;]<\/p>\n","protected":false},"author":1,"featured_media":0,"parent":0,"menu_order":0,"comment_status":"closed","ping_status":"closed","template":"","meta":{"cybocfi_hide_featured_image":"","footnotes":""},"class_list":["post-123","page","type-page","status-publish","hentry"],"_links":{"self":[{"href":"https:\/\/menuiseriewoodline.com\/index.php?rest_route=\/wp\/v2\/pages\/123","targetHints":{"allow":["GET"]}}],"collection":[{"href":"https:\/\/menuiseriewoodline.com\/index.php?rest_route=\/wp\/v2\/pages"}],"about":[{"href":"https:\/\/menuiseriewoodline.com\/index.php?rest_route=\/wp\/v2\/types\/page"}],"author":[{"embeddable":true,"href":"https:\/\/menuiseriewoodline.com\/index.php?rest_route=\/wp\/v2\/users\/1"}],"replies":[{"embeddable":true,"href":"https:\/\/menuiseriewoodline.com\/index.php?rest_route=%2Fwp%2Fv2%2Fcomments&post=123"}],"version-history":[{"count":24,"href":"https:\/\/menuiseriewoodline.com\/index.php?rest_route=\/wp\/v2\/pages\/123\/revisions"}],"predecessor-version":[{"id":375,"href":"https:\/\/menuiseriewoodline.com\/index.php?rest_route=\/wp\/v2\/pages\/123\/revisions\/375"}],"wp:attachment":[{"href":"https:\/\/menuiseriewoodline.com\/index.php?rest_route=%2Fwp%2Fv2%2Fmedia&parent=123"}],"curies":[{"name":"wp","href":"https:\/\/api.w.org\/{rel}","templated":true}]}}